{"id":40,"date":"2025-12-12T16:09:35","date_gmt":"2025-12-12T16:09:35","guid":{"rendered":"https:\/\/lebenshof-sonnenseite.de\/?page_id=40"},"modified":"2026-03-16T13:44:01","modified_gmt":"2026-03-16T13:44:01","slug":"main","status":"publish","type":"page","link":"https:\/\/lebenshof-sonnenseite.de\/main\/","title":{"rendered":"main"},"content":{"rendered":"<h2><\/h2>\n<h2 style=\"text-align: center;\">Herzlich Willkommen auf der Sonnenseite!<\/h2>\n<h2><img fetchpriority=\"high\" decoding=\"async\" src=\"https:\/\/lebenshof-sonnenseite.de\/wp-content\/uploads\/2025\/12\/Tiere_under_construction.png\" sizes=\"(max-width: 1024px) 100vw, 1024px\" srcset=\"https:\/\/lebenshof-sonnenseite.de\/wp-content\/uploads\/2025\/12\/Tiere_under_construction.png 1024w, https:\/\/lebenshof-sonnenseite.de\/wp-content\/uploads\/2025\/12\/Tiere_under_construction-300x300.png 300w, https:\/\/lebenshof-sonnenseite.de\/wp-content\/uploads\/2025\/12\/Tiere_under_construction-150x150.png 150w, https:\/\/lebenshof-sonnenseite.de\/wp-content\/uploads\/2025\/12\/Tiere_under_construction-768x768.png 768w, https:\/\/lebenshof-sonnenseite.de\/wp-content\/uploads\/2025\/12\/Tiere_under_construction-600x600.png 600w\" alt=\"\" width=\"1024\" height=\"1024\" \/><\/h2>\n<h2><span style=\"font-size: 12px;\"><span style=\"font-size: 14px;\">Wir sind ein gemeinn\u00fctziger Verein f\u00fcr gerettete Tiere. So sch\u00f6n, dass Du da bist!<\/span><br \/>\n<\/span><\/h2>\n<p><span style=\"font-size: 12px;\">Wie Ihr seht, befindet sich unsere Webseite noch im Aufbau, deshalb gibt es alle Informationen aktuell nur auf dem one-pager.<br \/>\n<\/span><strong><span style=\"font-size: 12px;\">Alles \u00fcber unsere Tiere findest du auf <a href=\"https:\/\/www.instagram.com\/lebenshofsonnenseite\/\" target=\"_blank\" rel=\"noopener\">@lebenshofsonnenseite<\/a><\/span><\/strong><\/p>\n<p><strong>Du m\u00f6chtest uns unterst\u00fctzen?<br \/>\n<\/strong><span style=\"font-size: 12px;\">Wir freuen uns \u00fcber Patenschaften &amp; Spenden.<strong><br \/>\nSchreibe uns gerne eine E-Mail an<br \/>\n<a href=\"mailto:kontakt@lebenshof-sonnenseite.de\">kontakt@lebenshof-sonnenseite.de<\/a><\/strong> f\u00fcr Patenschaften<br \/>\n<\/span><\/p>\n<p><strong><span style=\"font-size: 12px;\">oder spende direkt an:<br \/>\n<\/span><\/strong><span style=\"font-size: 12px;\"><strong>Volksbank Kurpfalz<\/strong><br \/>\n<\/span><span style=\"font-size: 12px;\">IBAN: DE56670923000034189560<br \/>\nBIC: GENODE61 WNM<br \/>\n<\/span><span style=\"font-size: 12px;\">BLZ: 67092300<br \/>\n<\/span><\/p>\n<p><span style=\"font-size: 12px;\"><strong>Paypal: <\/strong>kontakt@lebenshof-sonnenseite.de\u00a0<\/span><\/p>\n<h2><a href=\"https:\/\/lebenshof-sonnenseite.de\/main\/main\/impressum\/\" target=\"_blank\" rel=\"noopener\"><span style=\"font-size: 14px;\">Impressum<\/span><\/a><\/h2>\n<h2><span style=\"font-size: 14px;\"><a href=\"https:\/\/lebenshof-sonnenseite.de\/main\/main\/datenschutzerklaerung\/\" target=\"_blank\" rel=\"noopener\"><span style=\"font-size: 14px;\">Datenschutz<\/span><\/a><\/span><\/h2>\n<p><span style=\"font-size: 12px;\">\u00a9 2025 Lebenshof Sonnenseite e.V. Alle Rechte vorbehalten.<\/span><\/p>\n","protected":false},"excerpt":{"rendered":"<p>Herzlich Willkommen auf der Sonnenseite! Wir sind ein gemeinn\u00fctziger Verein f\u00fcr gerettete Tiere. So sch\u00f6n, dass Du da bist! Wie Ihr seht, befindet sich unsere Webseite noch im Aufbau, deshalb gibt es alle Informationen aktuell nur auf dem one-pager. Alles \u00fcber unsere Tiere findest du auf @lebenshofsonnenseite Du m\u00f6chtest uns unterst\u00fctzen? Wir freuen uns \u00fcber [&hellip;]<\/p>\n","protected":false},"author":1,"featured_media":0,"parent":0,"menu_order":0,"comment_status":"closed","ping_status":"closed","template":"templates\/landing.php","meta":{"footnotes":""},"class_list":["post-40","page","type-page","status-publish","hentry","entry"],"_links":{"self":[{"href":"https:\/\/lebenshof-sonnenseite.de\/main\/wp-json\/wp\/v2\/pages\/40","targetHints":{"allow":["GET"]}}],"collection":[{"href":"https:\/\/lebenshof-sonnenseite.de\/main\/wp-json\/wp\/v2\/pages"}],"about":[{"href":"https:\/\/lebenshof-sonnenseite.de\/main\/wp-json\/wp\/v2\/types\/page"}],"author":[{"embeddable":true,"href":"https:\/\/lebenshof-sonnenseite.de\/main\/wp-json\/wp\/v2\/users\/1"}],"replies":[{"embeddable":true,"href":"https:\/\/lebenshof-sonnenseite.de\/main\/wp-json\/wp\/v2\/comments?post=40"}],"version-history":[{"count":52,"href":"https:\/\/lebenshof-sonnenseite.de\/main\/wp-json\/wp\/v2\/pages\/40\/revisions"}],"predecessor-version":[{"id":138,"href":"https:\/\/lebenshof-sonnenseite.de\/main\/wp-json\/wp\/v2\/pages\/40\/revisions\/138"}],"wp:attachment":[{"href":"https:\/\/lebenshof-sonnenseite.de\/main\/wp-json\/wp\/v2\/media?parent=40"}],"curies":[{"name":"wp","href":"https:\/\/api.w.org\/{rel}","templated":true}]}}